{"id":183,"date":"2025-05-06T12:08:18","date_gmt":"2025-05-06T12:08:18","guid":{"rendered":"https:\/\/verandalux.pl\/portfolio\/"},"modified":"2025-05-06T19:42:15","modified_gmt":"2025-05-06T19:42:15","slug":"realizacje","status":"publish","type":"page","link":"https:\/\/verandalux.pl\/?page_id=183","title":{"rendered":"Realizacje"},"content":{"rendered":"\t\t<div data-elementor-type=\"wp-page\" data-elementor-id=\"183\" class=\"elementor elementor-183\">\n\t\t\t\t<div class=\"elementor-element elementor-element-03dgv8j4 twbb_section e-flex e-con-boxed e-con e-parent\" data-id=\"03dgv8j4\" data-element_type=\"container\" id=\"verandalux-portfolio\">\n\t\t\t\t\t<div class=\"e-con-inner\">\n\t\t\t\t<div class=\"elementor-element elementor-element-3ez814am elementor-widget__width-initial elementor-widget-mobile__width-inherit elementor-widget-tablet__width-initial elementor-invisible elementor-widget elementor-widget-heading\" data-id=\"3ez814am\" data-element_type=\"widget\" data-settings=\"{&quot;_animation&quot;:&quot;fadeInUp&quot;}\" data-widget_type=\"heading.default\">\n\t\t\t\t<div class=\"elementor-widget-container\">\n\t\t\t\t\t<h5 class=\"elementor-heading-title elementor-size-default\">Nasza Praca<\/h5>\t\t\t\t<\/div>\n\t\t\t\t<\/div>\n\t\t\t\t<div class=\"elementor-element elementor-element-9k297cqm elementor-widget__width-initial elementor-widget-mobile__width-inherit elementor-widget-tablet__width-initial elementor-invisible elementor-widget elementor-widget-heading\" data-id=\"9k297cqm\" data-element_type=\"widget\" data-settings=\"{&quot;_animation&quot;:&quot;fadeInUp&quot;}\" data-widget_type=\"heading.default\">\n\t\t\t\t<div class=\"elementor-widget-container\">\n\t\t\t\t\t<h2 class=\"elementor-heading-title elementor-size-default\">Zobacz wybrane nasze realizacje<\/h2>\t\t\t\t<\/div>\n\t\t\t\t<\/div>\n\t\t\t\t<div class=\"elementor-element elementor-element-a26lhnut elementor-widget__width-initial elementor-widget-mobile__width-inherit elementor-widget-tablet__width-initial elementor-invisible elementor-widget elementor-widget-text-editor\" data-id=\"a26lhnut\" data-element_type=\"widget\" data-settings=\"{&quot;_animation&quot;:&quot;fadeInUp&quot;}\" data-widget_type=\"text-editor.default\">\n\t\t\t\t<div class=\"elementor-widget-container\">\n\t\t\t\t\t\t\t\t\t<p>Odkryj pi\u0119kno i funkcjonalno\u015b\u0107 naszych zrealizowanych projekt\u00f3w, kt\u00f3re ukazuj\u0105 nasze zaanga\u017cowanie w jako\u015b\u0107 i nowoczesny design.<\/p>\t\t\t\t\t\t\t\t<\/div>\n\t\t\t\t<\/div>\n\t\t<div class=\"elementor-element elementor-element-hxdg2xz5 e-con-full e-flex e-con e-child\" data-id=\"hxdg2xz5\" data-element_type=\"container\">\n\t\t\t\t<div class=\"elementor-element elementor-element-92x0nbb8 elementor-widget elementor-widget-image\" data-id=\"92x0nbb8\" data-element_type=\"widget\" data-widget_type=\"image.default\">\n\t\t\t\t<div class=\"elementor-widget-container\">\n\t\t\t\t\t\t\t\t\t\t\t\t\t\t\t<img fetchpriority=\"high\" decoding=\"async\" width=\"1093\" height=\"820\" src=\"https:\/\/verandalux.pl\/wp-content\/uploads\/2025\/05\/1-1.jpg\" class=\"attachment-full size-full wp-image-251\" alt=\"\" srcset=\"https:\/\/verandalux.pl\/wp-content\/uploads\/2025\/05\/1-1.jpg 1093w, https:\/\/verandalux.pl\/wp-content\/uploads\/2025\/05\/1-1-300x225.jpg 300w, https:\/\/verandalux.pl\/wp-content\/uploads\/2025\/05\/1-1-1024x768.jpg 1024w, https:\/\/verandalux.pl\/wp-content\/uploads\/2025\/05\/1-1-768x576.jpg 768w, https:\/\/verandalux.pl\/wp-content\/uploads\/2025\/05\/1-1-600x450.jpg 600w\" sizes=\"(max-width: 1093px) 100vw, 1093px\" \/>\t\t\t\t\t\t\t\t\t\t\t\t\t\t\t<\/div>\n\t\t\t\t<\/div>\n\t\t<div class=\"elementor-element elementor-element-jondmqc0 e-con-full e-flex e-con e-child\" data-id=\"jondmqc0\" data-element_type=\"container\">\n\t\t<div class=\"elementor-element elementor-element-1vex5lyn e-con-full e-flex e-con e-child\" data-id=\"1vex5lyn\" data-element_type=\"container\">\n\t\t\t\t<div class=\"elementor-element elementor-element-ytzxougy elementor-widget__width-initial elementor-widget-mobile__width-inherit elementor-widget-tablet__width-initial elementor-invisible elementor-widget elementor-widget-heading\" data-id=\"ytzxougy\" data-element_type=\"widget\" data-settings=\"{&quot;_animation&quot;:&quot;fadeInUp&quot;}\" data-widget_type=\"heading.default\">\n\t\t\t\t<div class=\"elementor-widget-container\">\n\t\t\t\t\t<h5 class=\"elementor-heading-title elementor-size-default\">Nowoczesne zadaszenie w restauracji<\/h5>\t\t\t\t<\/div>\n\t\t\t\t<\/div>\n\t\t\t\t<div class=\"elementor-element elementor-element-vukll8ge elementor-widget__width-initial elementor-widget-mobile__width-inherit elementor-widget-tablet__width-initial elementor-align-left elementor-icon-list--layout-inline elementor-list-item-link-full_width elementor-widget elementor-widget-icon-list\" data-id=\"vukll8ge\" data-element_type=\"widget\" data-widget_type=\"icon-list.default\">\n\t\t\t\t<div class=\"elementor-widget-container\">\n\t\t\t\t\t\t\t<ul class=\"elementor-icon-list-items elementor-inline-items\">\n\t\t\t\t\t\t\t<li class=\"elementor-icon-list-item elementor-inline-item\">\n\t\t\t\t\t\t\t\t\t\t\t<span class=\"elementor-icon-list-icon\">\n\t\t\t\t\t\t\t<svg aria-hidden=\"true\" class=\"e-font-icon-svg e-fas-hashtag\" viewBox=\"0 0 448 512\" xmlns=\"http:\/\/www.w3.org\/2000\/svg\"><path d=\"M440.667 182.109l7.143-40c1.313-7.355-4.342-14.109-11.813-14.109h-74.81l14.623-81.891C377.123 38.754 371.468 32 363.997 32h-40.632a12 12 0 0 0-11.813 9.891L296.175 128H197.54l14.623-81.891C213.477 38.754 207.822 32 200.35 32h-40.632a12 12 0 0 0-11.813 9.891L132.528 128H53.432a12 12 0 0 0-11.813 9.891l-7.143 40C33.163 185.246 38.818 192 46.289 192h74.81L98.242 320H19.146a12 12 0 0 0-11.813 9.891l-7.143 40C-1.123 377.246 4.532 384 12.003 384h74.81L72.19 465.891C70.877 473.246 76.532 480 84.003 480h40.632a12 12 0 0 0 11.813-9.891L151.826 384h98.634l-14.623 81.891C234.523 473.246 240.178 480 247.65 480h40.632a12 12 0 0 0 11.813-9.891L315.472 384h79.096a12 12 0 0 0 11.813-9.891l7.143-40c1.313-7.355-4.342-14.109-11.813-14.109h-74.81l22.857-128h79.096a12 12 0 0 0 11.813-9.891zM261.889 320h-98.634l22.857-128h98.634l-22.857 128z\"><\/path><\/svg>\t\t\t\t\t\t<\/span>\n\t\t\t\t\t\t\t\t\t\t<span class=\"elementor-icon-list-text\">Klient firmowy<\/span>\n\t\t\t\t\t\t\t\t\t<\/li>\n\t\t\t\t\t\t\t\t<li class=\"elementor-icon-list-item elementor-inline-item\">\n\t\t\t\t\t\t\t\t\t\t\t<span class=\"elementor-icon-list-icon\">\n\t\t\t\t\t\t\t<svg aria-hidden=\"true\" class=\"e-font-icon-svg e-fas-hashtag\" viewBox=\"0 0 448 512\" xmlns=\"http:\/\/www.w3.org\/2000\/svg\"><path d=\"M440.667 182.109l7.143-40c1.313-7.355-4.342-14.109-11.813-14.109h-74.81l14.623-81.891C377.123 38.754 371.468 32 363.997 32h-40.632a12 12 0 0 0-11.813 9.891L296.175 128H197.54l14.623-81.891C213.477 38.754 207.822 32 200.35 32h-40.632a12 12 0 0 0-11.813 9.891L132.528 128H53.432a12 12 0 0 0-11.813 9.891l-7.143 40C33.163 185.246 38.818 192 46.289 192h74.81L98.242 320H19.146a12 12 0 0 0-11.813 9.891l-7.143 40C-1.123 377.246 4.532 384 12.003 384h74.81L72.19 465.891C70.877 473.246 76.532 480 84.003 480h40.632a12 12 0 0 0 11.813-9.891L151.826 384h98.634l-14.623 81.891C234.523 473.246 240.178 480 247.65 480h40.632a12 12 0 0 0 11.813-9.891L315.472 384h79.096a12 12 0 0 0 11.813-9.891l7.143-40c1.313-7.355-4.342-14.109-11.813-14.109h-74.81l22.857-128h79.096a12 12 0 0 0 11.813-9.891zM261.889 320h-98.634l22.857-128h98.634l-22.857 128z\"><\/path><\/svg>\t\t\t\t\t\t<\/span>\n\t\t\t\t\t\t\t\t\t\t<span class=\"elementor-icon-list-text\">Data: Lipiec 2022<\/span>\n\t\t\t\t\t\t\t\t\t<\/li>\n\t\t\t\t\t\t\t\t<li class=\"elementor-icon-list-item elementor-inline-item\">\n\t\t\t\t\t\t\t\t\t\t\t<span class=\"elementor-icon-list-icon\">\n\t\t\t\t\t\t\t<svg aria-hidden=\"true\" class=\"e-font-icon-svg e-fas-hashtag\" viewBox=\"0 0 448 512\" xmlns=\"http:\/\/www.w3.org\/2000\/svg\"><path d=\"M440.667 182.109l7.143-40c1.313-7.355-4.342-14.109-11.813-14.109h-74.81l14.623-81.891C377.123 38.754 371.468 32 363.997 32h-40.632a12 12 0 0 0-11.813 9.891L296.175 128H197.54l14.623-81.891C213.477 38.754 207.822 32 200.35 32h-40.632a12 12 0 0 0-11.813 9.891L132.528 128H53.432a12 12 0 0 0-11.813 9.891l-7.143 40C33.163 185.246 38.818 192 46.289 192h74.81L98.242 320H19.146a12 12 0 0 0-11.813 9.891l-7.143 40C-1.123 377.246 4.532 384 12.003 384h74.81L72.19 465.891C70.877 473.246 76.532 480 84.003 480h40.632a12 12 0 0 0 11.813-9.891L151.826 384h98.634l-14.623 81.891C234.523 473.246 240.178 480 247.65 480h40.632a12 12 0 0 0 11.813-9.891L315.472 384h79.096a12 12 0 0 0 11.813-9.891l7.143-40c1.313-7.355-4.342-14.109-11.813-14.109h-74.81l22.857-128h79.096a12 12 0 0 0 11.813-9.891zM261.889 320h-98.634l22.857-128h98.634l-22.857 128z\"><\/path><\/svg>\t\t\t\t\t\t<\/span>\n\t\t\t\t\t\t\t\t\t\t<span class=\"elementor-icon-list-text\">Nowoczesne zadaszenie aluminiowe. Dach z poliw\u0119glanu komorowego. \u015aciany przesuwne ze szk\u0142a bezbarwnego.<\/span>\n\t\t\t\t\t\t\t\t\t<\/li>\n\t\t\t\t\t\t<\/ul>\n\t\t\t\t\t\t<\/div>\n\t\t\t\t<\/div>\n\t\t\t\t<\/div>\n\t\t\t\t<div class=\"elementor-element elementor-element-62e3s9wq elementor-widget__width-initial elementor-widget-mobile__width-inherit elementor-widget-tablet__width-initial elementor-invisible elementor-widget elementor-widget-text-editor\" data-id=\"62e3s9wq\" data-element_type=\"widget\" data-settings=\"{&quot;_animation&quot;:&quot;fadeInUp&quot;}\" data-widget_type=\"text-editor.default\">\n\t\t\t\t<div class=\"elementor-widget-container\">\n\t\t\t\t\t\t\t\t\t<p>Ten projekt obejmuje nowoczesne aluminiowe zadaszenie przy restauracji, kt\u00f3re poprawia przestrzenie zewn\u0119trzne, zapewniaj\u0105c zar\u00f3wno styl, jak i ochron\u0119. Zosta\u0142 uko\u0144czony w lipcu 2022 roku, co pokazuje nasz\u0105 determinacj\u0119 w d\u0105\u017ceniu do jako\u015bci rzemios\u0142a.<\/p>\t\t\t\t\t\t\t\t<\/div>\n\t\t\t\t<\/div>\n\t\t\t\t<\/div>\n\t\t\t\t<\/div>\n\t\t<div class=\"elementor-element elementor-element-4fn79lnu e-con-full e-flex e-con e-child\" data-id=\"4fn79lnu\" data-element_type=\"container\">\n\t\t\t\t<div class=\"elementor-element elementor-element-nmuzxeyp elementor-widget elementor-widget-image\" data-id=\"nmuzxeyp\" data-element_type=\"widget\" data-widget_type=\"image.default\">\n\t\t\t\t<div class=\"elementor-widget-container\">\n\t\t\t\t\t\t\t\t\t\t\t\t\t\t\t<img decoding=\"async\" width=\"1240\" height=\"827\" src=\"https:\/\/verandalux.pl\/wp-content\/uploads\/2025\/05\/DSC00056.jpg-1.webp\" class=\"attachment-full size-full wp-image-342\" alt=\"\" srcset=\"https:\/\/verandalux.pl\/wp-content\/uploads\/2025\/05\/DSC00056.jpg-1.webp 1240w, https:\/\/verandalux.pl\/wp-content\/uploads\/2025\/05\/DSC00056.jpg-1-300x200.webp 300w, https:\/\/verandalux.pl\/wp-content\/uploads\/2025\/05\/DSC00056.jpg-1-1024x683.webp 1024w, https:\/\/verandalux.pl\/wp-content\/uploads\/2025\/05\/DSC00056.jpg-1-768x512.webp 768w, https:\/\/verandalux.pl\/wp-content\/uploads\/2025\/05\/DSC00056.jpg-1-600x400.webp 600w\" sizes=\"(max-width: 1240px) 100vw, 1240px\" \/>\t\t\t\t\t\t\t\t\t\t\t\t\t\t\t<\/div>\n\t\t\t\t<\/div>\n\t\t<div class=\"elementor-element elementor-element-olsbs3tm e-con-full e-flex e-con e-child\" data-id=\"olsbs3tm\" data-element_type=\"container\">\n\t\t<div class=\"elementor-element elementor-element-q825cvdu e-con-full e-flex e-con e-child\" data-id=\"q825cvdu\" data-element_type=\"container\">\n\t\t\t\t<div class=\"elementor-element elementor-element-nnxrsu95 elementor-widget__width-initial elementor-widget-mobile__width-inherit elementor-widget-tablet__width-initial elementor-invisible elementor-widget elementor-widget-heading\" data-id=\"nnxrsu95\" data-element_type=\"widget\" data-settings=\"{&quot;_animation&quot;:&quot;fadeInUp&quot;}\" data-widget_type=\"heading.default\">\n\t\t\t\t<div class=\"elementor-widget-container\">\n\t\t\t\t\t<h5 class=\"elementor-heading-title elementor-size-default\">Elegancka Pergola<\/h5>\t\t\t\t<\/div>\n\t\t\t\t<\/div>\n\t\t\t\t<div class=\"elementor-element elementor-element-mczf6bds elementor-widget__width-initial elementor-widget-mobile__width-inherit elementor-widget-tablet__width-initial elementor-align-left elementor-icon-list--layout-inline elementor-list-item-link-full_width elementor-widget elementor-widget-icon-list\" data-id=\"mczf6bds\" data-element_type=\"widget\" data-widget_type=\"icon-list.default\">\n\t\t\t\t<div class=\"elementor-widget-container\">\n\t\t\t\t\t\t\t<ul class=\"elementor-icon-list-items elementor-inline-items\">\n\t\t\t\t\t\t\t<li class=\"elementor-icon-list-item elementor-inline-item\">\n\t\t\t\t\t\t\t\t\t\t\t<span class=\"elementor-icon-list-icon\">\n\t\t\t\t\t\t\t<svg aria-hidden=\"true\" class=\"e-font-icon-svg e-fas-hashtag\" viewBox=\"0 0 448 512\" xmlns=\"http:\/\/www.w3.org\/2000\/svg\"><path d=\"M440.667 182.109l7.143-40c1.313-7.355-4.342-14.109-11.813-14.109h-74.81l14.623-81.891C377.123 38.754 371.468 32 363.997 32h-40.632a12 12 0 0 0-11.813 9.891L296.175 128H197.54l14.623-81.891C213.477 38.754 207.822 32 200.35 32h-40.632a12 12 0 0 0-11.813 9.891L132.528 128H53.432a12 12 0 0 0-11.813 9.891l-7.143 40C33.163 185.246 38.818 192 46.289 192h74.81L98.242 320H19.146a12 12 0 0 0-11.813 9.891l-7.143 40C-1.123 377.246 4.532 384 12.003 384h74.81L72.19 465.891C70.877 473.246 76.532 480 84.003 480h40.632a12 12 0 0 0 11.813-9.891L151.826 384h98.634l-14.623 81.891C234.523 473.246 240.178 480 247.65 480h40.632a12 12 0 0 0 11.813-9.891L315.472 384h79.096a12 12 0 0 0 11.813-9.891l7.143-40c1.313-7.355-4.342-14.109-11.813-14.109h-74.81l22.857-128h79.096a12 12 0 0 0 11.813-9.891zM261.889 320h-98.634l22.857-128h98.634l-22.857 128z\"><\/path><\/svg>\t\t\t\t\t\t<\/span>\n\t\t\t\t\t\t\t\t\t\t<span class=\"elementor-icon-list-text\">Klient prywatny<\/span>\n\t\t\t\t\t\t\t\t\t<\/li>\n\t\t\t\t\t\t\t\t<li class=\"elementor-icon-list-item elementor-inline-item\">\n\t\t\t\t\t\t\t\t\t\t\t<span class=\"elementor-icon-list-icon\">\n\t\t\t\t\t\t\t<svg aria-hidden=\"true\" class=\"e-font-icon-svg e-fas-hashtag\" viewBox=\"0 0 448 512\" xmlns=\"http:\/\/www.w3.org\/2000\/svg\"><path d=\"M440.667 182.109l7.143-40c1.313-7.355-4.342-14.109-11.813-14.109h-74.81l14.623-81.891C377.123 38.754 371.468 32 363.997 32h-40.632a12 12 0 0 0-11.813 9.891L296.175 128H197.54l14.623-81.891C213.477 38.754 207.822 32 200.35 32h-40.632a12 12 0 0 0-11.813 9.891L132.528 128H53.432a12 12 0 0 0-11.813 9.891l-7.143 40C33.163 185.246 38.818 192 46.289 192h74.81L98.242 320H19.146a12 12 0 0 0-11.813 9.891l-7.143 40C-1.123 377.246 4.532 384 12.003 384h74.81L72.19 465.891C70.877 473.246 76.532 480 84.003 480h40.632a12 12 0 0 0 11.813-9.891L151.826 384h98.634l-14.623 81.891C234.523 473.246 240.178 480 247.65 480h40.632a12 12 0 0 0 11.813-9.891L315.472 384h79.096a12 12 0 0 0 11.813-9.891l7.143-40c1.313-7.355-4.342-14.109-11.813-14.109h-74.81l22.857-128h79.096a12 12 0 0 0 11.813-9.891zM261.889 320h-98.634l22.857-128h98.634l-22.857 128z\"><\/path><\/svg>\t\t\t\t\t\t<\/span>\n\t\t\t\t\t\t\t\t\t\t<span class=\"elementor-icon-list-text\">Data: Maj 2022<\/span>\n\t\t\t\t\t\t\t\t\t<\/li>\n\t\t\t\t\t\t\t\t<li class=\"elementor-icon-list-item elementor-inline-item\">\n\t\t\t\t\t\t\t\t\t\t\t<span class=\"elementor-icon-list-icon\">\n\t\t\t\t\t\t\t<svg aria-hidden=\"true\" class=\"e-font-icon-svg e-fas-hashtag\" viewBox=\"0 0 448 512\" xmlns=\"http:\/\/www.w3.org\/2000\/svg\"><path d=\"M440.667 182.109l7.143-40c1.313-7.355-4.342-14.109-11.813-14.109h-74.81l14.623-81.891C377.123 38.754 371.468 32 363.997 32h-40.632a12 12 0 0 0-11.813 9.891L296.175 128H197.54l14.623-81.891C213.477 38.754 207.822 32 200.35 32h-40.632a12 12 0 0 0-11.813 9.891L132.528 128H53.432a12 12 0 0 0-11.813 9.891l-7.143 40C33.163 185.246 38.818 192 46.289 192h74.81L98.242 320H19.146a12 12 0 0 0-11.813 9.891l-7.143 40C-1.123 377.246 4.532 384 12.003 384h74.81L72.19 465.891C70.877 473.246 76.532 480 84.003 480h40.632a12 12 0 0 0 11.813-9.891L151.826 384h98.634l-14.623 81.891C234.523 473.246 240.178 480 247.65 480h40.632a12 12 0 0 0 11.813-9.891L315.472 384h79.096a12 12 0 0 0 11.813-9.891l7.143-40c1.313-7.355-4.342-14.109-11.813-14.109h-74.81l22.857-128h79.096a12 12 0 0 0 11.813-9.891zM261.889 320h-98.634l22.857-128h98.634l-22.857 128z\"><\/path><\/svg>\t\t\t\t\t\t<\/span>\n\t\t\t\t\t\t\t\t\t\t<span class=\"elementor-icon-list-text\">Elegancka pergola z aluminium. Dach lamelowy.  \u015acianka przesuwna Shutters.<\/span>\n\t\t\t\t\t\t\t\t\t<\/li>\n\t\t\t\t\t\t<\/ul>\n\t\t\t\t\t\t<\/div>\n\t\t\t\t<\/div>\n\t\t\t\t<\/div>\n\t\t\t\t<div class=\"elementor-element elementor-element-y5192m4g elementor-widget__width-initial elementor-widget-mobile__width-inherit elementor-widget-tablet__width-initial elementor-invisible elementor-widget elementor-widget-text-editor\" data-id=\"y5192m4g\" data-element_type=\"widget\" data-settings=\"{&quot;_animation&quot;:&quot;fadeInUp&quot;}\" data-widget_type=\"text-editor.default\">\n\t\t\t\t<div class=\"elementor-widget-container\">\n\t\t\t\t\t\t\t\t\t<p>Ta elegancka pergola zosta\u0142a zaprojektowana tak, aby harmonijnie wkomponowa\u0107 si\u0119 w otaczaj\u0105cy ogr\u00f3d, oferuj\u0105c pi\u0119kn\u0105 przestrze\u0144 do relaksu. Zako\u0144czona w maju 2022 roku, stanowi przyk\u0142ad naszego zaanga\u017cowania w nowoczesny design oraz satysfakcj\u0119 klient\u00f3w.<\/p>\t\t\t\t\t\t\t\t<\/div>\n\t\t\t\t<\/div>\n\t\t\t\t<\/div>\n\t\t\t\t<\/div>\n\t\t\t\t\t<\/div>\n\t\t\t\t<\/div>\n\t\t\t\t<\/div>\n\t\t","protected":false},"excerpt":{"rendered":"<p>Nasza Praca Zobacz wybrane nasze realizacje Odkryj pi\u0119kno i funkcjonalno\u015b\u0107 naszych zrealizowanych projekt\u00f3w, kt\u00f3re ukazuj\u0105 nasze zaanga\u017cowanie w jako\u015b\u0107 i nowoczesny design. Nowoczesne zadaszenie w restauracji Klient firmowy Data: Lipiec 2022 Nowoczesne zadaszenie aluminiowe. Dach z poliw\u0119glanu komorowego. \u015aciany przesuwne ze szk\u0142a bezbarwnego. Ten projekt obejmuje nowoczesne aluminiowe zadaszenie przy restauracji, kt\u00f3re poprawia przestrzenie zewn\u0119trzne, [&hellip;]<\/p>\n","protected":false},"author":2,"featured_media":0,"parent":0,"menu_order":0,"comment_status":"closed","ping_status":"closed","template":"","meta":{"two_page_speed":[],"footnotes":""},"class_list":["post-183","page","type-page","status-publish","hentry"],"_links":{"self":[{"href":"https:\/\/verandalux.pl\/index.php?rest_route=\/wp\/v2\/pages\/183","targetHints":{"allow":["GET"]}}],"collection":[{"href":"https:\/\/verandalux.pl\/index.php?rest_route=\/wp\/v2\/pages"}],"about":[{"href":"https:\/\/verandalux.pl\/index.php?rest_route=\/wp\/v2\/types\/page"}],"author":[{"embeddable":true,"href":"https:\/\/verandalux.pl\/index.php?rest_route=\/wp\/v2\/users\/2"}],"replies":[{"embeddable":true,"href":"https:\/\/verandalux.pl\/index.php?rest_route=%2Fwp%2Fv2%2Fcomments&post=183"}],"version-history":[{"count":17,"href":"https:\/\/verandalux.pl\/index.php?rest_route=\/wp\/v2\/pages\/183\/revisions"}],"predecessor-version":[{"id":391,"href":"https:\/\/verandalux.pl\/index.php?rest_route=\/wp\/v2\/pages\/183\/revisions\/391"}],"wp:attachment":[{"href":"https:\/\/verandalux.pl\/index.php?rest_route=%2Fwp%2Fv2%2Fmedia&parent=183"}],"curies":[{"name":"wp","href":"https:\/\/api.w.org\/{rel}","templated":true}]}}