{"id":181,"date":"2025-05-06T12:08:17","date_gmt":"2025-05-06T12:08:17","guid":{"rendered":"https:\/\/verandalux.pl\/about-us\/"},"modified":"2025-05-06T19:43:21","modified_gmt":"2025-05-06T19:43:21","slug":"o-nas","status":"publish","type":"page","link":"https:\/\/verandalux.pl\/?page_id=181","title":{"rendered":"O nas"},"content":{"rendered":"\t\t<div data-elementor-type=\"wp-page\" data-elementor-id=\"181\" class=\"elementor elementor-181\">\n\t\t\t\t<div class=\"elementor-element elementor-element-49pn5oeb twbb_section e-flex e-con-boxed e-con e-parent\" data-id=\"49pn5oeb\" data-element_type=\"container\" id=\"about-verandalux\">\n\t\t\t\t\t<div class=\"e-con-inner\">\n\t\t<div class=\"elementor-element elementor-element-d2b06u07 e-con-full e-flex e-con e-child\" data-id=\"d2b06u07\" data-element_type=\"container\">\n\t\t\t\t<div class=\"elementor-element elementor-element-84lop25k elementor-widget__width-initial elementor-widget-mobile__width-inherit elementor-widget-tablet__width-initial elementor-invisible elementor-widget elementor-widget-heading\" data-id=\"84lop25k\" data-element_type=\"widget\" data-settings=\"{&quot;_animation&quot;:&quot;fadeInUp&quot;}\" data-widget_type=\"heading.default\">\n\t\t\t\t<div class=\"elementor-widget-container\">\n\t\t\t\t\t<h2 class=\"elementor-heading-title elementor-size-default\">Troch\u0119 o VerandaLUX<\/h2>\t\t\t\t<\/div>\n\t\t\t\t<\/div>\n\t\t\t\t<div class=\"elementor-element elementor-element-5s1a2uru elementor-widget__width-initial elementor-widget-mobile__width-inherit elementor-widget-tablet__width-initial elementor-invisible elementor-widget elementor-widget-text-editor\" data-id=\"5s1a2uru\" data-element_type=\"widget\" data-settings=\"{&quot;_animation&quot;:&quot;fadeInUp&quot;}\" data-widget_type=\"text-editor.default\">\n\t\t\t\t<div class=\"elementor-widget-container\">\n\t\t\t\t\t\t\t\t\t<p>Za\u0142o\u017cona w 2015 roku, firma VerandaLUX zrewolucjonizowa\u0142a spos\u00f3b \u017cycia na \u015bwie\u017cym powietrzu w Szczecinie i okolicach dzi\u0119ki naszym ekskluzywnym instalacjom aluminiowym. Nasz\u0105 misj\u0105 jest dostarczanie innowacyjnych, trwa\u0142ych i estetycznie atrakcyjnych struktur, kt\u00f3re wzbogacaj\u0105 Twoj\u0105 przestrze\u0144, jednocze\u015bnie zapewniaj\u0105c satysfakcj\u0119 naszych klient\u00f3w.<\/p>\t\t\t\t\t\t\t\t<\/div>\n\t\t\t\t<\/div>\n\t\t<div class=\"elementor-element elementor-element-bap630co e-con-full e-flex e-con e-child\" data-id=\"bap630co\" data-element_type=\"container\">\n\t\t<div class=\"elementor-element elementor-element-8p2pblk0 e-con-full e-flex e-con e-child\" data-id=\"8p2pblk0\" data-element_type=\"container\">\n\t\t\t\t<div class=\"elementor-element elementor-element-pr5ld6bf elementor-widget__width-auto elementor-widget-mobile__width-auto elementor-widget-tablet__width-initial elementor-widget elementor-widget-counter\" data-id=\"pr5ld6bf\" data-element_type=\"widget\" data-widget_type=\"counter.default\">\n\t\t\t\t<div class=\"elementor-widget-container\">\n\t\t\t\t\t\t\t<div class=\"elementor-counter\">\n\t\t\t\t\t\t<div class=\"elementor-counter-number-wrapper\">\n\t\t\t\t<span class=\"elementor-counter-number-prefix\"><\/span>\n\t\t\t\t<span class=\"elementor-counter-number\" data-duration=\"2000\" data-to-value=\"2025\" data-from-value=\"2010\">2010<\/span>\n\t\t\t\t<span class=\"elementor-counter-number-suffix\"> roku<\/span>\n\t\t\t<\/div>\n\t\t<\/div>\n\t\t\t\t\t\t<\/div>\n\t\t\t\t<\/div>\n\t\t\t\t<div class=\"elementor-element elementor-element-7vfb9r54 elementor-widget__width-initial elementor-widget-mobile__width-inherit elementor-widget-tablet__width-initial elementor-invisible elementor-widget elementor-widget-text-editor\" data-id=\"7vfb9r54\" data-element_type=\"widget\" data-settings=\"{&quot;_animation&quot;:&quot;fadeInUp&quot;}\" data-widget_type=\"text-editor.default\">\n\t\t\t\t<div class=\"elementor-widget-container\">\n\t\t\t\t\t\t\t\t\t<p>15 lat doskona\u0142o\u015bci w budownictwie.<\/p>\t\t\t\t\t\t\t\t<\/div>\n\t\t\t\t<\/div>\n\t\t\t\t<\/div>\n\t\t<div class=\"elementor-element elementor-element-sb4x4mwz e-con-full e-flex e-con e-child\" data-id=\"sb4x4mwz\" data-element_type=\"container\">\n\t\t\t\t<div class=\"elementor-element elementor-element-05mgbgdl elementor-widget__width-auto elementor-widget-mobile__width-auto elementor-widget-tablet__width-initial elementor-widget elementor-widget-counter\" data-id=\"05mgbgdl\" data-element_type=\"widget\" data-widget_type=\"counter.default\">\n\t\t\t\t<div class=\"elementor-widget-container\">\n\t\t\t\t\t\t\t<div class=\"elementor-counter\">\n\t\t\t\t\t\t<div class=\"elementor-counter-number-wrapper\">\n\t\t\t\t<span class=\"elementor-counter-number-prefix\"><\/span>\n\t\t\t\t<span class=\"elementor-counter-number\" data-duration=\"2000\" data-to-value=\"124\" data-from-value=\"0\">0<\/span>\n\t\t\t\t<span class=\"elementor-counter-number-suffix\"> projects<\/span>\n\t\t\t<\/div>\n\t\t<\/div>\n\t\t\t\t\t\t<\/div>\n\t\t\t\t<\/div>\n\t\t\t\t<div class=\"elementor-element elementor-element-4b92gde7 elementor-widget__width-initial elementor-widget-mobile__width-inherit elementor-widget-tablet__width-initial elementor-invisible elementor-widget elementor-widget-text-editor\" data-id=\"4b92gde7\" data-element_type=\"widget\" data-settings=\"{&quot;_animation&quot;:&quot;fadeInUp&quot;}\" data-widget_type=\"text-editor.default\">\n\t\t\t\t<div class=\"elementor-widget-container\">\n\t\t\t\t\t\t\t\t\tPomy\u015blnie zrealizowane projekty w Polsce i za granic\u0105.\t\t\t\t\t\t\t\t<\/div>\n\t\t\t\t<\/div>\n\t\t\t\t<\/div>\n\t\t\t\t<\/div>\n\t\t<div class=\"elementor-element elementor-element-19sz79q1 e-con-full e-flex e-con e-child\" data-id=\"19sz79q1\" data-element_type=\"container\">\n\t\t<div class=\"elementor-element elementor-element-3uqwwdhh e-con-full e-flex e-con e-child\" data-id=\"3uqwwdhh\" data-element_type=\"container\">\n\t\t\t\t<div class=\"elementor-element elementor-element-p2cfslmu elementor-widget__width-auto elementor-widget-mobile__width-auto elementor-widget-tablet__width-initial elementor-widget elementor-widget-counter\" data-id=\"p2cfslmu\" data-element_type=\"widget\" data-widget_type=\"counter.default\">\n\t\t\t\t<div class=\"elementor-widget-container\">\n\t\t\t\t\t\t\t<div class=\"elementor-counter\">\n\t\t\t\t\t\t<div class=\"elementor-counter-number-wrapper\">\n\t\t\t\t<span class=\"elementor-counter-number-prefix\"><\/span>\n\t\t\t\t<span class=\"elementor-counter-number\" data-duration=\"2000\" data-to-value=\"6\" data-from-value=\"1\">1<\/span>\n\t\t\t\t<span class=\"elementor-counter-number-suffix\"> Pracownik\u00f3w<\/span>\n\t\t\t<\/div>\n\t\t<\/div>\n\t\t\t\t\t\t<\/div>\n\t\t\t\t<\/div>\n\t\t\t\t<div class=\"elementor-element elementor-element-yxcnhjxh elementor-widget__width-initial elementor-widget-mobile__width-inherit elementor-widget-tablet__width-initial elementor-invisible elementor-widget elementor-widget-text-editor\" data-id=\"yxcnhjxh\" data-element_type=\"widget\" data-settings=\"{&quot;_animation&quot;:&quot;fadeInUp&quot;}\" data-widget_type=\"text-editor.default\">\n\t\t\t\t<div class=\"elementor-widget-container\">\n\t\t\t\t\t\t\t\t\tZesp\u00f3\u0142 profesjonalist\u00f3w.\t\t\t\t\t\t\t\t<\/div>\n\t\t\t\t<\/div>\n\t\t\t\t<\/div>\n\t\t<div class=\"elementor-element elementor-element-pmg3p2c0 e-con-full e-flex e-con e-child\" data-id=\"pmg3p2c0\" data-element_type=\"container\">\n\t\t\t\t<div class=\"elementor-element elementor-element-llc7jc8a elementor-widget__width-auto elementor-widget-mobile__width-auto elementor-widget-tablet__width-initial elementor-widget elementor-widget-counter\" data-id=\"llc7jc8a\" data-element_type=\"widget\" data-widget_type=\"counter.default\">\n\t\t\t\t<div class=\"elementor-widget-container\">\n\t\t\t\t\t\t\t<div class=\"elementor-counter\">\n\t\t\t\t\t\t<div class=\"elementor-counter-number-wrapper\">\n\t\t\t\t<span class=\"elementor-counter-number-prefix\"><\/span>\n\t\t\t\t<span class=\"elementor-counter-number\" data-duration=\"2000\" data-to-value=\"5\" data-from-value=\"5\">5<\/span>\n\t\t\t\t<span class=\"elementor-counter-number-suffix\"> Warto\u015bci<\/span>\n\t\t\t<\/div>\n\t\t<\/div>\n\t\t\t\t\t\t<\/div>\n\t\t\t\t<\/div>\n\t\t\t\t<div class=\"elementor-element elementor-element-ixwl5ph0 elementor-widget__width-initial elementor-widget-mobile__width-inherit elementor-widget-tablet__width-initial elementor-invisible elementor-widget elementor-widget-text-editor\" data-id=\"ixwl5ph0\" data-element_type=\"widget\" data-settings=\"{&quot;_animation&quot;:&quot;fadeInUp&quot;}\" data-widget_type=\"text-editor.default\">\n\t\t\t\t<div class=\"elementor-widget-container\">\n\t\t\t\t\t\t\t\t\t<p>Kluczowe warto\u015bci, kt\u00f3re nap\u0119dzaj\u0105 nasz sukces. Sumienno\u015b\u0107, dobra komunikacja, rzetelno\u015b\u0107, uczciwo\u015b\u0107 i transparetno\u015b\u0107.<\/p>\t\t\t\t\t\t\t\t<\/div>\n\t\t\t\t<\/div>\n\t\t\t\t<\/div>\n\t\t\t\t<\/div>\n\t\t\t\t<\/div>\n\t\t\t\t<div class=\"elementor-element elementor-element-rd849q7b elementor-widget__width-initial elementor-widget-mobile__width-inherit elementor-widget-tablet__width-initial elementor-widget elementor-widget-image\" data-id=\"rd849q7b\" data-element_type=\"widget\" data-widget_type=\"image.default\">\n\t\t\t\t<div class=\"elementor-widget-container\">\n\t\t\t\t\t\t\t\t\t\t\t\t\t\t\t<img fetchpriority=\"high\" decoding=\"async\" width=\"1200\" height=\"1600\" src=\"https:\/\/verandalux.pl\/wp-content\/uploads\/2025\/05\/IMG-20240725-WA0104.jpg\" class=\"attachment-full size-full wp-image-378\" alt=\"\" srcset=\"https:\/\/verandalux.pl\/wp-content\/uploads\/2025\/05\/IMG-20240725-WA0104.jpg 1200w, https:\/\/verandalux.pl\/wp-content\/uploads\/2025\/05\/IMG-20240725-WA0104-225x300.jpg 225w, https:\/\/verandalux.pl\/wp-content\/uploads\/2025\/05\/IMG-20240725-WA0104-768x1024.jpg 768w, https:\/\/verandalux.pl\/wp-content\/uploads\/2025\/05\/IMG-20240725-WA0104-1152x1536.jpg 1152w, https:\/\/verandalux.pl\/wp-content\/uploads\/2025\/05\/IMG-20240725-WA0104-450x600.jpg 450w\" sizes=\"(max-width: 1200px) 100vw, 1200px\" \/>\t\t\t\t\t\t\t\t\t\t\t\t\t\t\t<\/div>\n\t\t\t\t<\/div>\n\t\t\t\t\t<\/div>\n\t\t\t\t<\/div>\n\t\t\t\t<\/div>\n\t\t","protected":false},"excerpt":{"rendered":"<p>Troch\u0119 o VerandaLUX Za\u0142o\u017cona w 2015 roku, firma VerandaLUX zrewolucjonizowa\u0142a spos\u00f3b \u017cycia na \u015bwie\u017cym powietrzu w Szczecinie i okolicach dzi\u0119ki naszym ekskluzywnym instalacjom aluminiowym. Nasz\u0105 misj\u0105 jest dostarczanie innowacyjnych, trwa\u0142ych i estetycznie atrakcyjnych struktur, kt\u00f3re wzbogacaj\u0105 Twoj\u0105 przestrze\u0144, jednocze\u015bnie zapewniaj\u0105c satysfakcj\u0119 naszych klient\u00f3w. 2010 roku 15 lat doskona\u0142o\u015bci w budownictwie. 0 projects Pomy\u015blnie zrealizowane projekty [&hellip;]<\/p>\n","protected":false},"author":2,"featured_media":0,"parent":0,"menu_order":0,"comment_status":"closed","ping_status":"closed","template":"","meta":{"two_page_speed":[],"footnotes":""},"class_list":["post-181","page","type-page","status-publish","hentry"],"_links":{"self":[{"href":"https:\/\/verandalux.pl\/index.php?rest_route=\/wp\/v2\/pages\/181","targetHints":{"allow":["GET"]}}],"collection":[{"href":"https:\/\/verandalux.pl\/index.php?rest_route=\/wp\/v2\/pages"}],"about":[{"href":"https:\/\/verandalux.pl\/index.php?rest_route=\/wp\/v2\/types\/page"}],"author":[{"embeddable":true,"href":"https:\/\/verandalux.pl\/index.php?rest_route=\/wp\/v2\/users\/2"}],"replies":[{"embeddable":true,"href":"https:\/\/verandalux.pl\/index.php?rest_route=%2Fwp%2Fv2%2Fcomments&post=181"}],"version-history":[{"count":8,"href":"https:\/\/verandalux.pl\/index.php?rest_route=\/wp\/v2\/pages\/181\/revisions"}],"predecessor-version":[{"id":389,"href":"https:\/\/verandalux.pl\/index.php?rest_route=\/wp\/v2\/pages\/181\/revisions\/389"}],"wp:attachment":[{"href":"https:\/\/verandalux.pl\/index.php?rest_route=%2Fwp%2Fv2%2Fmedia&parent=181"}],"curies":[{"name":"wp","href":"https:\/\/api.w.org\/{rel}","templated":true}]}}