{"id":180,"date":"2025-05-06T12:08:17","date_gmt":"2025-05-06T12:08:17","guid":{"rendered":"https:\/\/verandalux.pl\/services\/"},"modified":"2025-05-06T19:42:39","modified_gmt":"2025-05-06T19:42:39","slug":"oferta","status":"publish","type":"page","link":"https:\/\/verandalux.pl\/?page_id=180","title":{"rendered":"Oferta"},"content":{"rendered":"\t\t<div data-elementor-type=\"wp-page\" data-elementor-id=\"180\" class=\"elementor elementor-180\">\n\t\t\t\t<div class=\"elementor-element elementor-element-yrngp8x6 twbb_section e-flex e-con-boxed e-con e-parent\" data-id=\"yrngp8x6\" data-element_type=\"container\" id=\"verandalux-services\">\n\t\t\t\t\t<div class=\"e-con-inner\">\n\t\t\t\t<div class=\"elementor-element elementor-element-nd3kcefk elementor-widget__width-initial elementor-widget-mobile__width-inherit elementor-widget-tablet__width-initial twbb_cta-button-wrapper-center twbb_cta-valign-align-top twbb_cta-position-image-top twbb_cta-tablet-position-image-top twbb_cta-mobile-position-image-top twbb_cta-button-wrapper-center twbb_cta-button-wrapper-center twbb_cta-position-button-bottom twbb_cta-tablet-position-button-bottom twbb_cta-mobile-position-button-bottom elementor-invisible elementor-widget elementor-widget-twbb_call-to-action\" data-id=\"nd3kcefk\" data-element_type=\"widget\" data-settings=\"{&quot;_animation&quot;:&quot;fadeInUp&quot;}\" data-widget_type=\"twbb_call-to-action.default\">\n\t\t\t\t<div class=\"elementor-widget-container\">\n\t\t\t\t\t    <a href=\"#\" class=\"twbb_cta-wrapper \">\n                  <div class=\"twbb_cta-image-background-wrapper\">\n          <span class=\"twbb_cta-image-background-overlay\"><\/span>\n                            <div class=\"twbb_cta-image-html-tag\">\n                                            <img decoding=\"async\" src=\"https:\/\/verandalux.pl\/wp-content\/uploads\/2025\/05\/1-2.jpg\"  >\n                                    <\/div>\n                    <\/div>\n        <div class=\"twbb_cta-content-wrapper \">\n    <div class=\"twbb_cta-content-inner\">\n                <h5 class=\"twbb_cta-title\">Zadaszenie tarasowe<\/h5>\n                    <div class=\"twbb_cta-description\">Nasze aluminiowe zadaszenia tarasowe to stylowe i trwa\u0142e rozwi\u0105zanie, kt\u00f3re zapewnia doskona\u0142\u0105 ochron\u0119 przed warunkami atmosferycznymi, jednocze\u015bnie wzbogacaj\u0105c Twoj\u0105 zewn\u0119trzn\u0105 przestrze\u0144 \u017cyciow\u0105.<\/div>\n              <\/div>\n    <div class=\"twbb_cta-button-wrapper\">\n        <div class=\"twbb_cta-buttons\">\n                        <\/div>\n    <\/div>\n  <\/div>\n        <\/a>\n\t\t\t\t<\/div>\n\t\t\t\t<\/div>\n\t\t\t\t<div class=\"elementor-element elementor-element-73hxltaf elementor-widget__width-initial elementor-widget-mobile__width-inherit elementor-widget-tablet__width-initial twbb_cta-button-wrapper-center twbb_cta-valign-align-top twbb_cta-position-image-top twbb_cta-tablet-position-image-top twbb_cta-mobile-position-image-top twbb_cta-button-wrapper-center twbb_cta-button-wrapper-center twbb_cta-position-button-bottom twbb_cta-tablet-position-button-bottom twbb_cta-mobile-position-button-bottom elementor-invisible elementor-widget elementor-widget-twbb_call-to-action\" data-id=\"73hxltaf\" data-element_type=\"widget\" data-settings=\"{&quot;_animation&quot;:&quot;fadeInUp&quot;}\" data-widget_type=\"twbb_call-to-action.default\">\n\t\t\t\t<div class=\"elementor-widget-container\">\n\t\t\t\t\t    <a href=\"#\" class=\"twbb_cta-wrapper \">\n                  <div class=\"twbb_cta-image-background-wrapper\">\n          <span class=\"twbb_cta-image-background-overlay\"><\/span>\n                            <div class=\"twbb_cta-image-html-tag\">\n                                            <img decoding=\"async\" src=\"https:\/\/verandalux.pl\/wp-content\/uploads\/2025\/05\/2.jpg\"  >\n                                    <\/div>\n                    <\/div>\n        <div class=\"twbb_cta-content-wrapper \">\n    <div class=\"twbb_cta-content-inner\">\n                <h5 class=\"twbb_cta-title\">Eleganckie Pergole<\/h5>\n                    <div class=\"twbb_cta-description\">Odmie\u0144 sw\u00f3j ogr\u00f3d za pomoc\u0105 eleganckich pergoli \u2014 idealnych do stworzenia relaksuj\u0105cego, zacienionego miejsca na spotkania i wypoczynek na \u015bwie\u017cym powietrzu.<\/div>\n              <\/div>\n    <div class=\"twbb_cta-button-wrapper\">\n        <div class=\"twbb_cta-buttons\">\n                        <\/div>\n    <\/div>\n  <\/div>\n        <\/a>\n\t\t\t\t<\/div>\n\t\t\t\t<\/div>\n\t\t\t\t<div class=\"elementor-element elementor-element-bvbv146b elementor-widget__width-initial elementor-widget-mobile__width-inherit elementor-widget-tablet__width-initial twbb_cta-button-wrapper-center twbb_cta-valign-align-top twbb_cta-position-image-top twbb_cta-tablet-position-image-top twbb_cta-mobile-position-image-top twbb_cta-button-wrapper-center twbb_cta-button-wrapper-center twbb_cta-position-button-bottom twbb_cta-tablet-position-button-bottom twbb_cta-mobile-position-button-bottom elementor-invisible elementor-widget elementor-widget-twbb_call-to-action\" data-id=\"bvbv146b\" data-element_type=\"widget\" data-settings=\"{&quot;_animation&quot;:&quot;fadeInUp&quot;}\" data-widget_type=\"twbb_call-to-action.default\">\n\t\t\t\t<div class=\"elementor-widget-container\">\n\t\t\t\t\t    <a href=\"#\" class=\"twbb_cta-wrapper \">\n                  <div class=\"twbb_cta-image-background-wrapper\">\n          <span class=\"twbb_cta-image-background-overlay\"><\/span>\n                            <div class=\"twbb_cta-image-html-tag\">\n                                            <img decoding=\"async\" src=\"https:\/\/verandalux.pl\/wp-content\/uploads\/2025\/05\/3.jpg\"  >\n                                    <\/div>\n                    <\/div>\n        <div class=\"twbb_cta-content-wrapper \">\n    <div class=\"twbb_cta-content-inner\">\n                <h5 class=\"twbb_cta-title\">Ochrona przeciws\u0142oneczna<\/h5>\n                    <div class=\"twbb_cta-description\">Zadbaj o komfort i prywatno\u015b\u0107 dzi\u0119ki naszym rozwi\u0105zaniom przeciws\u0142onecznym. Oferujemy markizy tarasowe, rolety zewn\u0119trzne, shuttersy oraz systemy screen \u2013 idealne do dom\u00f3w i ogrod\u00f3w zimowych w Szczecinie i woj. zachodniopomorskim. Skuteczna ochrona przed s\u0142o\u0144cem, estetyka i funkcjonalno\u015b\u0107 dopasowane do Twoich potrzeb.<\/div>\n              <\/div>\n    <div class=\"twbb_cta-button-wrapper\">\n        <div class=\"twbb_cta-buttons\">\n                        <\/div>\n    <\/div>\n  <\/div>\n        <\/a>\n\t\t\t\t<\/div>\n\t\t\t\t<\/div>\n\t\t\t\t<div class=\"elementor-element elementor-element-6ql0li87 elementor-widget__width-initial elementor-widget-mobile__width-inherit elementor-widget-tablet__width-initial twbb_cta-button-wrapper-center twbb_cta-valign-align-top twbb_cta-position-image-top twbb_cta-tablet-position-image-top twbb_cta-mobile-position-image-top twbb_cta-button-wrapper-center twbb_cta-button-wrapper-center twbb_cta-position-button-bottom twbb_cta-tablet-position-button-bottom twbb_cta-mobile-position-button-bottom elementor-invisible elementor-widget elementor-widget-twbb_call-to-action\" data-id=\"6ql0li87\" data-element_type=\"widget\" data-settings=\"{&quot;_animation&quot;:&quot;fadeInUp&quot;}\" data-widget_type=\"twbb_call-to-action.default\">\n\t\t\t\t<div class=\"elementor-widget-container\">\n\t\t\t\t\t    <a href=\"#\" class=\"twbb_cta-wrapper \">\n                  <div class=\"twbb_cta-image-background-wrapper\">\n          <span class=\"twbb_cta-image-background-overlay\"><\/span>\n                            <div class=\"twbb_cta-image-html-tag\">\n                                            <img decoding=\"async\" src=\"https:\/\/verandalux.pl\/wp-content\/uploads\/2025\/05\/4-1.jpg\"  >\n                                    <\/div>\n                    <\/div>\n        <div class=\"twbb_cta-content-wrapper \">\n    <div class=\"twbb_cta-content-inner\">\n                <h5 class=\"twbb_cta-title\">Energooszcz\u0119dne okna<\/h5>\n                    <div class=\"twbb_cta-description\">Zmodernizuj sw\u00f3j dom dzi\u0119ki naszym energooszcz\u0119dnym oknom, zaprojektowanym z my\u015bl\u0105 o obni\u017ceniu koszt\u00f3w energii, przy jednoczesnym zapewnieniu doskona\u0142ej izolacji termicznej i akustycznej dla komfortowego \u017cycia.\n\n<\/div>\n              <\/div>\n    <div class=\"twbb_cta-button-wrapper\">\n        <div class=\"twbb_cta-buttons\">\n                        <\/div>\n    <\/div>\n  <\/div>\n        <\/a>\n\t\t\t\t<\/div>\n\t\t\t\t<\/div>\n\t\t\t\t\t<\/div>\n\t\t\t\t<\/div>\n\t\t<div class=\"elementor-element elementor-element-r5oko2o2 twbb_section e-flex e-con-boxed e-con e-parent\" data-id=\"r5oko2o2\" data-element_type=\"container\" id=\"project-examples\">\n\t\t\t\t\t<div class=\"e-con-inner\">\n\t\t\t\t<div class=\"elementor-element elementor-element-ckruw6gs elementor-widget__width-initial elementor-widget-mobile__width-inherit elementor-widget-tablet__width-initial elementor-invisible elementor-widget elementor-widget-heading\" data-id=\"ckruw6gs\" data-element_type=\"widget\" data-settings=\"{&quot;_animation&quot;:&quot;fadeInUp&quot;}\" data-widget_type=\"heading.default\">\n\t\t\t\t<div class=\"elementor-widget-container\">\n\t\t\t\t\t<h2 class=\"elementor-heading-title elementor-size-default\">Nasze mo\u017cliwo\u015bci<\/h2>\t\t\t\t<\/div>\n\t\t\t\t<\/div>\n\t\t\t\t<div class=\"elementor-element elementor-element-8fne8u2s elementor-widget__width-initial elementor-widget-mobile__width-inherit elementor-widget-tablet__width-initial elementor-invisible elementor-widget elementor-widget-text-editor\" data-id=\"8fne8u2s\" data-element_type=\"widget\" data-settings=\"{&quot;_animation&quot;:&quot;fadeInUp&quot;}\" data-widget_type=\"text-editor.default\">\n\t\t\t\t<div class=\"elementor-widget-container\">\n\t\t\t\t\t\t\t\t\t<p>Odkryj nasze osza\u0142amiaj\u0105ce produkty i us\u0142ugi, kt\u00f3re s\u0105 doskona\u0142ym przyk\u0142adem jako\u015bci i designu. Realizacje mia\u0142y miejsce na terenie wojew\u00f3dztwa zachodniopomorskiego, lubuskiego, pomorskiego oraz w Niemczech.<\/p>\t\t\t\t\t\t\t\t<\/div>\n\t\t\t\t<\/div>\n\t\t\t\t<div class=\"elementor-element elementor-element-vavbrkdl elementor-widget__width-initial elementor-widget-mobile__width-inherit elementor-widget-tablet__width-initial elementor-widget elementor-widget-twbb_gallery\" data-id=\"vavbrkdl\" data-element_type=\"widget\" data-settings=\"{&quot;gap&quot;:{&quot;unit&quot;:&quot;px&quot;,&quot;size&quot;:20,&quot;sizes&quot;:[]},&quot;hgap&quot;:{&quot;unit&quot;:&quot;px&quot;,&quot;size&quot;:20,&quot;sizes&quot;:[]},&quot;gap_mobile&quot;:{&quot;unit&quot;:&quot;px&quot;,&quot;size&quot;:20,&quot;sizes&quot;:[]},&quot;hgap_mobile&quot;:{&quot;unit&quot;:&quot;px&quot;,&quot;size&quot;:20,&quot;sizes&quot;:[]},&quot;columns&quot;:3,&quot;columns_mobile&quot;:2,&quot;image_hover_animation&quot;:&quot;grow&quot;,&quot;lazyload&quot;:&quot;yes&quot;,&quot;gallery_layout&quot;:&quot;grid&quot;,&quot;columns_tablet&quot;:2,&quot;gap_tablet&quot;:{&quot;unit&quot;:&quot;px&quot;,&quot;size&quot;:10,&quot;sizes&quot;:[]},&quot;hgap_tablet&quot;:{&quot;unit&quot;:&quot;px&quot;,&quot;size&quot;:10,&quot;sizes&quot;:[]},&quot;aspect_ratio&quot;:&quot;3:2&quot;,&quot;image_title_description&quot;:&quot;on_hover&quot;}\" data-widget_type=\"twbb_gallery.default\">\n\t\t\t\t<div class=\"elementor-widget-container\">\n\t\t\t\t\t\t\t<div class=\"elementor-gallery__container\">\n\t\t\t\t\t\t\t<div\n                class=\"e-gallery-item elementor-gallery-item twbb-flex-end-item elementor-animated-content\">\n        \n        <div class=\"twbb_item_image_section\">\n          <div class=\"e-gallery-image elementor-gallery-item__image\" data-thumbnail=\"https:\/\/verandalux.pl\/wp-content\/uploads\/2025\/05\/c4b38630-f05e-42c3-8ec6-fab09278bb0a1.jpg\" data-width=\"1125\" data-height=\"1500\" alt=\"\" ><\/div>\n                  <\/div>\n               <\/div>\n      \t\t\t\t<div\n                class=\"e-gallery-item elementor-gallery-item twbb-flex-end-item elementor-animated-content\">\n        \n        <div class=\"twbb_item_image_section\">\n          <div class=\"e-gallery-image elementor-gallery-item__image\" data-thumbnail=\"https:\/\/verandalux.pl\/wp-content\/uploads\/2025\/05\/782038a9-931a-476e-9969-99c394625376.jpg\" data-width=\"1500\" data-height=\"1125\" alt=\"\" ><\/div>\n                  <\/div>\n               <\/div>\n      \t\t\t\t<div\n                class=\"e-gallery-item elementor-gallery-item twbb-flex-end-item elementor-animated-content\">\n        \n        <div class=\"twbb_item_image_section\">\n          <div class=\"e-gallery-image elementor-gallery-item__image\" data-thumbnail=\"https:\/\/verandalux.pl\/wp-content\/uploads\/2025\/05\/IMG_1975.jpg\" data-width=\"2016\" data-height=\"1512\" alt=\"\" ><\/div>\n                  <\/div>\n               <\/div>\n      \t\t\t\t<div\n                class=\"e-gallery-item elementor-gallery-item twbb-flex-end-item elementor-animated-content\">\n        \n        <div class=\"twbb_item_image_section\">\n          <div class=\"e-gallery-image elementor-gallery-item__image\" data-thumbnail=\"https:\/\/verandalux.pl\/wp-content\/uploads\/2025\/05\/2022_06_wizualizacja_REFLEKSOL_ZiiiP_BOX_budynek.jpg.webp\" data-width=\"615\" data-height=\"410\" alt=\"\" ><\/div>\n                  <\/div>\n               <\/div>\n      \t\t\t\t<div\n                class=\"e-gallery-item elementor-gallery-item twbb-flex-end-item elementor-animated-content\">\n        \n        <div class=\"twbb_item_image_section\">\n          <div class=\"e-gallery-image elementor-gallery-item__image\" data-thumbnail=\"https:\/\/verandalux.pl\/wp-content\/uploads\/2025\/05\/2022_06_wizualizacja_REFLEKSOL_120_ZiiiP_PERGOLA_SB500_dom_jednorodzinny.jpg-3.webp\" data-width=\"1240\" data-height=\"827\" alt=\"\" ><\/div>\n                  <\/div>\n               <\/div>\n      \t\t\t\t<div\n                class=\"e-gallery-item elementor-gallery-item twbb-flex-end-item elementor-animated-content\">\n        \n        <div class=\"twbb_item_image_section\">\n          <div class=\"e-gallery-image elementor-gallery-item__image\" data-thumbnail=\"https:\/\/verandalux.pl\/wp-content\/uploads\/2025\/05\/01.jpg.webp\" data-width=\"1240\" data-height=\"827\" alt=\"\" ><\/div>\n                  <\/div>\n               <\/div>\n      \t\t\t\t<div\n                class=\"e-gallery-item elementor-gallery-item twbb-flex-end-item elementor-animated-content\">\n        \n        <div class=\"twbb_item_image_section\">\n          <div class=\"e-gallery-image elementor-gallery-item__image\" data-thumbnail=\"https:\/\/verandalux.pl\/wp-content\/uploads\/2025\/05\/80762e83-e9b9-43a9-849d-6d82cdb83672.jpg\" data-width=\"1500\" data-height=\"1125\" alt=\"\" ><\/div>\n                  <\/div>\n               <\/div>\n      \t\t\t\t<div\n                class=\"e-gallery-item elementor-gallery-item twbb-flex-end-item elementor-animated-content\">\n        \n        <div class=\"twbb_item_image_section\">\n          <div class=\"e-gallery-image elementor-gallery-item__image\" data-thumbnail=\"https:\/\/verandalux.pl\/wp-content\/uploads\/2025\/05\/2022_06_wizualizacja_SLIDE_PERGOLA_SB500_dom_jednorodzinny.jpg.webp\" data-width=\"1240\" data-height=\"930\" alt=\"\" ><\/div>\n                  <\/div>\n               <\/div>\n      \t\t\t\t<div\n                class=\"e-gallery-item elementor-gallery-item twbb-flex-end-item elementor-animated-content\">\n        \n        <div class=\"twbb_item_image_section\">\n          <div class=\"e-gallery-image elementor-gallery-item__image\" data-thumbnail=\"https:\/\/verandalux.pl\/wp-content\/uploads\/2025\/05\/DSC00056.jpg-1.webp\" data-width=\"1240\" data-height=\"827\" alt=\"\" ><\/div>\n                  <\/div>\n               <\/div>\n      \t\t\t\t<div\n                class=\"e-gallery-item elementor-gallery-item twbb-flex-end-item elementor-animated-content\">\n        \n        <div class=\"twbb_item_image_section\">\n          <div class=\"e-gallery-image elementor-gallery-item__image\" data-thumbnail=\"https:\/\/verandalux.pl\/wp-content\/uploads\/2025\/05\/f00e6da6-8764-4846-8d7d-34fd50fe2807.jpg\" data-width=\"1600\" data-height=\"737\" alt=\"\" ><\/div>\n                  <\/div>\n               <\/div>\n      \t\t\t\t<div\n                class=\"e-gallery-item elementor-gallery-item twbb-flex-end-item elementor-animated-content\">\n        \n        <div class=\"twbb_item_image_section\">\n          <div class=\"e-gallery-image elementor-gallery-item__image\" data-thumbnail=\"https:\/\/verandalux.pl\/wp-content\/uploads\/2025\/05\/8aea221c-5f17-4281-9659-aac018af8c7a.jpg\" data-width=\"2000\" data-height=\"1500\" alt=\"\" ><\/div>\n                  <\/div>\n               <\/div>\n      \t\t\t\t<div\n                class=\"e-gallery-item elementor-gallery-item twbb-flex-end-item elementor-animated-content\">\n        \n        <div class=\"twbb_item_image_section\">\n          <div class=\"e-gallery-image elementor-gallery-item__image\" data-thumbnail=\"https:\/\/verandalux.pl\/wp-content\/uploads\/2025\/05\/IMG_18071-scaled.jpeg\" data-width=\"2560\" data-height=\"1920\" alt=\"\" ><\/div>\n                  <\/div>\n               <\/div>\n      \t\t\t\t<div\n                class=\"e-gallery-item elementor-gallery-item twbb-flex-end-item elementor-animated-content\">\n        \n        <div class=\"twbb_item_image_section\">\n          <div class=\"e-gallery-image elementor-gallery-item__image\" data-thumbnail=\"https:\/\/verandalux.pl\/wp-content\/uploads\/2025\/05\/6d15ff2b-96f0-4582-8106-0336bdd911c21.jpg\" data-width=\"1500\" data-height=\"1125\" alt=\"\" ><\/div>\n                  <\/div>\n               <\/div>\n      \t\t\t\t<div\n                class=\"e-gallery-item elementor-gallery-item twbb-flex-end-item elementor-animated-content\">\n        \n        <div class=\"twbb_item_image_section\">\n          <div class=\"e-gallery-image elementor-gallery-item__image\" data-thumbnail=\"https:\/\/verandalux.pl\/wp-content\/uploads\/2025\/05\/258dd1d5-1201-4b76-835b-71307d3b4f3c1.jpg\" data-width=\"1500\" data-height=\"1125\" alt=\"\" ><\/div>\n                  <\/div>\n               <\/div>\n      \t\t\t\t<div\n                class=\"e-gallery-item elementor-gallery-item twbb-flex-end-item elementor-animated-content\">\n        \n        <div class=\"twbb_item_image_section\">\n          <div class=\"e-gallery-image elementor-gallery-item__image\" data-thumbnail=\"https:\/\/verandalux.pl\/wp-content\/uploads\/2025\/05\/9ed967fc-a761-4325-833a-bfe9aeaf63fd.jpg\" data-width=\"1600\" data-height=\"738\" alt=\"\" ><\/div>\n                  <\/div>\n               <\/div>\n      \t\t\t\t<div\n                class=\"e-gallery-item elementor-gallery-item twbb-flex-end-item elementor-animated-content\">\n        \n        <div class=\"twbb_item_image_section\">\n          <div class=\"e-gallery-image elementor-gallery-item__image\" data-thumbnail=\"https:\/\/verandalux.pl\/wp-content\/uploads\/2025\/05\/d153a8b9-e3c7-42f4-8a3b-b8efdd5159a7.jpg\" data-width=\"1600\" data-height=\"1200\" alt=\"\" ><\/div>\n                  <\/div>\n               <\/div>\n      \t\t\t\t<div\n                class=\"e-gallery-item elementor-gallery-item twbb-flex-end-item elementor-animated-content\">\n        \n        <div class=\"twbb_item_image_section\">\n          <div class=\"e-gallery-image elementor-gallery-item__image\" data-thumbnail=\"https:\/\/verandalux.pl\/wp-content\/uploads\/2025\/05\/IMG_1953.jpg\" data-width=\"2016\" data-height=\"1512\" alt=\"\" ><\/div>\n                  <\/div>\n               <\/div>\n      \t\t\t\t<div\n                class=\"e-gallery-item elementor-gallery-item twbb-flex-end-item elementor-animated-content\">\n        \n        <div class=\"twbb_item_image_section\">\n          <div class=\"e-gallery-image elementor-gallery-item__image\" data-thumbnail=\"https:\/\/verandalux.pl\/wp-content\/uploads\/2025\/05\/1bea0799-3bba-427c-aeab-f4ed7466070a-2.jpg\" data-width=\"1600\" data-height=\"1200\" alt=\"\" ><\/div>\n                  <\/div>\n               <\/div>\n      \t\t\t\t<div\n                class=\"e-gallery-item elementor-gallery-item twbb-flex-end-item elementor-animated-content\">\n        \n        <div class=\"twbb_item_image_section\">\n          <div class=\"e-gallery-image elementor-gallery-item__image\" data-thumbnail=\"https:\/\/verandalux.pl\/wp-content\/uploads\/2025\/05\/1d3e873b-0cb6-46d6-897f-aeac2394a900-1.jpg\" data-width=\"1500\" data-height=\"2000\" alt=\"\" ><\/div>\n                  <\/div>\n               <\/div>\n      \t\t\t\t<div\n                class=\"e-gallery-item elementor-gallery-item twbb-flex-end-item elementor-animated-content\">\n        \n        <div class=\"twbb_item_image_section\">\n          <div class=\"e-gallery-image elementor-gallery-item__image\" data-thumbnail=\"https:\/\/verandalux.pl\/wp-content\/uploads\/2025\/05\/2012_05_MARKIZA_PALLADIO_hotel_Cypr.jpg-1.webp\" data-width=\"615\" data-height=\"461\" alt=\"\" ><\/div>\n                  <\/div>\n               <\/div>\n      \t\t\t\t<div\n                class=\"e-gallery-item elementor-gallery-item twbb-flex-end-item elementor-animated-content\">\n        \n        <div class=\"twbb_item_image_section\">\n          <div class=\"e-gallery-image elementor-gallery-item__image\" data-thumbnail=\"https:\/\/verandalux.pl\/wp-content\/uploads\/2025\/05\/8fe2a54f-cc07-4950-a53d-960bd7721c50.jpg\" data-width=\"1600\" data-height=\"1200\" alt=\"\" ><\/div>\n                  <\/div>\n               <\/div>\n      \t\t\t\t<div\n                class=\"e-gallery-item elementor-gallery-item twbb-flex-end-item elementor-animated-content\">\n        \n        <div class=\"twbb_item_image_section\">\n          <div class=\"e-gallery-image elementor-gallery-item__image\" data-thumbnail=\"https:\/\/verandalux.pl\/wp-content\/uploads\/2025\/05\/2020_07_PERGOLA_SB500_LED_Dom_Jednorodzinny_Opole_01.jpg-3.webp\" data-width=\"1240\" data-height=\"827\" alt=\"\" ><\/div>\n                  <\/div>\n               <\/div>\n      \t\t\t\t<div\n                class=\"e-gallery-item elementor-gallery-item twbb-flex-end-item elementor-animated-content\">\n        \n        <div class=\"twbb_item_image_section\">\n          <div class=\"e-gallery-image elementor-gallery-item__image\" data-thumbnail=\"https:\/\/verandalux.pl\/wp-content\/uploads\/2025\/05\/IMG_2108.jpg\" data-width=\"2016\" data-height=\"1512\" alt=\"\" ><\/div>\n                  <\/div>\n               <\/div>\n      \t\t\t\t<div\n                class=\"e-gallery-item elementor-gallery-item twbb-flex-end-item elementor-animated-content\">\n        \n        <div class=\"twbb_item_image_section\">\n          <div class=\"e-gallery-image elementor-gallery-item__image\" data-thumbnail=\"https:\/\/verandalux.pl\/wp-content\/uploads\/2025\/05\/tenweb_media_swhzey7k1.webp\" data-width=\"1365\" data-height=\"1024\" alt=\"\" ><\/div>\n                  <\/div>\n               <\/div>\n            <\/div>\n\n      \t\t\t\t<\/div>\n\t\t\t\t<\/div>\n\t\t\t\t\t<\/div>\n\t\t\t\t<\/div>\n\t\t\t\t<\/div>\n\t\t","protected":false},"excerpt":{"rendered":"<p>Zadaszenie tarasowe Nasze aluminiowe zadaszenia tarasowe to stylowe i trwa\u0142e rozwi\u0105zanie, kt\u00f3re zapewnia doskona\u0142\u0105 ochron\u0119 przed warunkami atmosferycznymi, jednocze\u015bnie wzbogacaj\u0105c Twoj\u0105 zewn\u0119trzn\u0105 przestrze\u0144 \u017cyciow\u0105. Eleganckie Pergole Odmie\u0144 sw\u00f3j ogr\u00f3d za pomoc\u0105 eleganckich pergoli \u2014 idealnych do stworzenia relaksuj\u0105cego, zacienionego miejsca na spotkania i wypoczynek na \u015bwie\u017cym powietrzu. Ochrona przeciws\u0142oneczna Zadbaj o komfort i prywatno\u015b\u0107 dzi\u0119ki [&hellip;]<\/p>\n","protected":false},"author":2,"featured_media":0,"parent":0,"menu_order":0,"comment_status":"closed","ping_status":"closed","template":"","meta":{"two_page_speed":[],"footnotes":""},"class_list":["post-180","page","type-page","status-publish","hentry"],"_links":{"self":[{"href":"https:\/\/verandalux.pl\/index.php?rest_route=\/wp\/v2\/pages\/180","targetHints":{"allow":["GET"]}}],"collection":[{"href":"https:\/\/verandalux.pl\/index.php?rest_route=\/wp\/v2\/pages"}],"about":[{"href":"https:\/\/verandalux.pl\/index.php?rest_route=\/wp\/v2\/types\/page"}],"author":[{"embeddable":true,"href":"https:\/\/verandalux.pl\/index.php?rest_route=\/wp\/v2\/users\/2"}],"replies":[{"embeddable":true,"href":"https:\/\/verandalux.pl\/index.php?rest_route=%2Fwp%2Fv2%2Fcomments&post=180"}],"version-history":[{"count":11,"href":"https:\/\/verandalux.pl\/index.php?rest_route=\/wp\/v2\/pages\/180\/revisions"}],"predecessor-version":[{"id":392,"href":"https:\/\/verandalux.pl\/index.php?rest_route=\/wp\/v2\/pages\/180\/revisions\/392"}],"wp:attachment":[{"href":"https:\/\/verandalux.pl\/index.php?rest_route=%2Fwp%2Fv2%2Fmedia&parent=180"}],"curies":[{"name":"wp","href":"https:\/\/api.w.org\/{rel}","templated":true}]}}